{"id":16,"date":"2014-10-27T18:04:27","date_gmt":"2014-10-27T16:04:27","guid":{"rendered":"http:\/\/www.schroeter-bedachungen.de\/?page_id=16"},"modified":"2020-11-13T13:12:09","modified_gmt":"2020-11-13T12:12:09","slug":"leistungen","status":"publish","type":"page","link":"https:\/\/www.schroeter-bedachungen.de\/?page_id=16","title":{"rendered":"Leistungen"},"content":{"rendered":"<h3><\/h3>\n<p>Die Dachdeckerei Steve Schr\u00f6ter Bedachungen steht immer auf dem neuesten Stand der Technik und kann Ihnen durch aktuellstes Wissen hochwertige Qualit\u00e4t und zuverl\u00e4ssige Umsetzung unserer Arbeit garantieren. Unsere Fachkr\u00e4fte unterst\u00fctzen Sie von der Beratung bis zur Umsetzung und leisten beste Arbeit &#8211; p\u00fcnktlich, preiswert und fachgerecht.<\/p>\n<p>Wir sind f\u00fcr Sie da in den Bereichen:<\/p>\n<ul>\n<li>Steildach<\/li>\n<li>Flachdach<\/li>\n<li>Bauklempnerei<\/li>\n<li>Balkonabdichtung<\/li>\n<li>W\u00e4rmed\u00e4mmung<\/li>\n<li>Photovoltaik\/Solarthermie<\/li>\n<li>Fassadenbekleidung<\/li>\n<li>Innenausbau<\/li>\n<li>Dachfenster<\/li>\n<\/ul>\n<p>Sie m\u00f6chten sich von uns beraten lassen? Nehmen Sie Kontakt mit uns auf, wir freuen uns auf Sie!<\/p>\n","protected":false},"excerpt":{"rendered":"<p>Die Dachdeckerei Steve Schr\u00f6ter Bedachungen steht immer auf dem neuesten Stand der Technik und kann Ihnen durch aktuellstes Wissen hochwertige Qualit\u00e4t und zuverl\u00e4ssige Umsetzung unserer Arbeit garantieren. Unsere Fachkr\u00e4fte unterst\u00fctzen Sie von der Beratung bis zur Umsetzung und leisten beste Arbeit &#8211; p\u00fcnktlich, preiswert und fachgerecht. Wir sind f\u00fcr Sie da in den Bereichen: Steildach [&hellip;]<\/p>\n","protected":false},"author":1,"featured_media":0,"parent":0,"menu_order":1,"comment_status":"closed","ping_status":"closed","template":"","meta":[],"_links":{"self":[{"href":"https:\/\/www.schroeter-bedachungen.de\/index.php?rest_route=\/wp\/v2\/pages\/16"}],"collection":[{"href":"https:\/\/www.schroeter-bedachungen.de\/index.php?rest_route=\/wp\/v2\/pages"}],"about":[{"href":"https:\/\/www.schroeter-bedachungen.de\/index.php?rest_route=\/wp\/v2\/types\/page"}],"author":[{"embeddable":true,"href":"https:\/\/www.schroeter-bedachungen.de\/index.php?rest_route=\/wp\/v2\/users\/1"}],"replies":[{"embeddable":true,"href":"https:\/\/www.schroeter-bedachungen.de\/index.php?rest_route=%2Fwp%2Fv2%2Fcomments&post=16"}],"version-history":[{"count":2,"href":"https:\/\/www.schroeter-bedachungen.de\/index.php?rest_route=\/wp\/v2\/pages\/16\/revisions"}],"predecessor-version":[{"id":24,"href":"https:\/\/www.schroeter-bedachungen.de\/index.php?rest_route=\/wp\/v2\/pages\/16\/revisions\/24"}],"wp:attachment":[{"href":"https:\/\/www.schroeter-bedachungen.de\/index.php?rest_route=%2Fwp%2Fv2%2Fmedia&parent=16"}],"curies":[{"name":"wp","href":"https:\/\/api.w.org\/{rel}","templated":true}]}}