{"id":18,"date":"2014-10-27T18:05:25","date_gmt":"2014-10-27T16:05:25","guid":{"rendered":"http:\/\/www.schroeter-bedachungen.de\/?page_id=18"},"modified":"2020-11-13T13:12:15","modified_gmt":"2020-11-13T12:12:15","slug":"ueber-uns","status":"publish","type":"page","link":"https:\/\/www.schroeter-bedachungen.de\/?page_id=18","title":{"rendered":"\u00dcber uns"},"content":{"rendered":"<h3><\/h3>\n<p>Wir sind ein traditioneller Handwerksbetrieb, der seine langj\u00e4hriger Erfahrung zum Nutzen der Kunden einbringt. Vielen zufriedenen Menschen konnten wir durch unsere Bedachungen bereits ein wetterfestes, warmes und gem\u00fctliches Zuhause aufbauen.<\/p>\n<p>Unser Unternehmen besteht ausschlie\u00dflich aus ausgebildeten Dachdeckern und Dachdeckermeistern. Wir bilden uns regelm\u00e4\u00dfig weiter, um Ihnen neueste Techniken und Materialien bieten zu k\u00f6nnen.<\/p>\n<p>Wir \u00fcberpr\u00fcfen zun\u00e4chst den Zustand Ihres Dachs, um Ihnen umfassende und kompetente Beratung bieten zu k\u00f6nnen. Wir liefern einwandfreie Arbeiten ab, um Sie voll und ganz zufrieden zu stellen. Ihre Zufriedenheit ist unser Ziel.<\/p>\n","protected":false},"excerpt":{"rendered":"<p>Wir sind ein traditioneller Handwerksbetrieb, der seine langj\u00e4hriger Erfahrung zum Nutzen der Kunden einbringt. Vielen zufriedenen Menschen konnten wir durch unsere Bedachungen bereits ein wetterfestes, warmes und gem\u00fctliches Zuhause aufbauen. Unser Unternehmen besteht ausschlie\u00dflich aus ausgebildeten Dachdeckern und Dachdeckermeistern. Wir bilden uns regelm\u00e4\u00dfig weiter, um Ihnen neueste Techniken und Materialien bieten zu k\u00f6nnen. Wir \u00fcberpr\u00fcfen [&hellip;]<\/p>\n","protected":false},"author":1,"featured_media":0,"parent":0,"menu_order":2,"comment_status":"closed","ping_status":"closed","template":"","meta":[],"_links":{"self":[{"href":"https:\/\/www.schroeter-bedachungen.de\/index.php?rest_route=\/wp\/v2\/pages\/18"}],"collection":[{"href":"https:\/\/www.schroeter-bedachungen.de\/index.php?rest_route=\/wp\/v2\/pages"}],"about":[{"href":"https:\/\/www.schroeter-bedachungen.de\/index.php?rest_route=\/wp\/v2\/types\/page"}],"author":[{"embeddable":true,"href":"https:\/\/www.schroeter-bedachungen.de\/index.php?rest_route=\/wp\/v2\/users\/1"}],"replies":[{"embeddable":true,"href":"https:\/\/www.schroeter-bedachungen.de\/index.php?rest_route=%2Fwp%2Fv2%2Fcomments&post=18"}],"version-history":[{"count":2,"href":"https:\/\/www.schroeter-bedachungen.de\/index.php?rest_route=\/wp\/v2\/pages\/18\/revisions"}],"predecessor-version":[{"id":23,"href":"https:\/\/www.schroeter-bedachungen.de\/index.php?rest_route=\/wp\/v2\/pages\/18\/revisions\/23"}],"wp:attachment":[{"href":"https:\/\/www.schroeter-bedachungen.de\/index.php?rest_route=%2Fwp%2Fv2%2Fmedia&parent=18"}],"curies":[{"name":"wp","href":"https:\/\/api.w.org\/{rel}","templated":true}]}}