{"id":2,"date":"2014-10-27T15:33:27","date_gmt":"2014-10-27T15:33:27","guid":{"rendered":"http:\/\/www.schroeter-bedachungen.de\/?page_id=2"},"modified":"2020-11-13T13:12:01","modified_gmt":"2020-11-13T12:12:01","slug":"beispiel-seite","status":"publish","type":"page","link":"https:\/\/www.schroeter-bedachungen.de\/","title":{"rendered":"Startseite"},"content":{"rendered":"<h3>Willkommen bei Ihrem Dachdeckermeister Steve Schr\u00f6ter<\/h3>\n<p>Sie planen eine Sanierung Ihres Altbaus, den Einbau von Dachfenstern oder m\u00f6chten Dachgauben an Ihrem Geb\u00e4ude integrieren? Mit Steve Schr\u00f6ter Bedachungen k\u00f6nnen Sie Ihren Wohnraum durch einen Anbau vergr\u00f6\u00dfern oder Ihr Flachdach in eine gr\u00fcne Oase verwandeln! Schauen Sie sich auf den folgenden Seiten um und erfahren Sie mehr \u00fcber unsere Leistungen.<\/p>\n<p>Wir machen Ihr Dach wind- und wetterfest. Auch im Notfall sind wir immer f\u00fcr Sie da.<\/p>\n<p>Bei kleinen Reparaturen sind wir schnell bei Ihnen und unterst\u00fctzen Sie. Lassen Sie Ihr Dach doch auch einmal warten. So vermeiden Sie die Entstehung gr\u00f6\u00dferer Sch\u00e4den und k\u00f6nnen durch minimalen Aufwand und kleine Reparaturen Schlimmeres verhindern.<br>Auf den folgenden Seiten erfahren Sie mehr \u00fcber uns und unsere Leistungen. Nehmen Sie Kontakt mit uns auf, wir finden auch f\u00fcr Ihr Projekt die passende L\u00f6sung!<\/p>\n\n\n<p><\/p>\n","protected":false},"excerpt":{"rendered":"<p>Willkommen bei Ihrem Dachdeckermeister Steve Schr\u00f6ter Sie planen eine Sanierung Ihres Altbaus, den Einbau von Dachfenstern oder m\u00f6chten Dachgauben an Ihrem Geb\u00e4ude integrieren? Mit Steve Schr\u00f6ter Bedachungen k\u00f6nnen Sie Ihren Wohnraum durch einen Anbau vergr\u00f6\u00dfern oder Ihr Flachdach in eine gr\u00fcne Oase verwandeln! Schauen Sie sich auf den folgenden Seiten um und erfahren Sie mehr [&hellip;]<\/p>\n","protected":false},"author":1,"featured_media":0,"parent":0,"menu_order":0,"comment_status":"closed","ping_status":"open","template":"","meta":[],"_links":{"self":[{"href":"https:\/\/www.schroeter-bedachungen.de\/index.php?rest_route=\/wp\/v2\/pages\/2"}],"collection":[{"href":"https:\/\/www.schroeter-bedachungen.de\/index.php?rest_route=\/wp\/v2\/pages"}],"about":[{"href":"https:\/\/www.schroeter-bedachungen.de\/index.php?rest_route=\/wp\/v2\/types\/page"}],"author":[{"embeddable":true,"href":"https:\/\/www.schroeter-bedachungen.de\/index.php?rest_route=\/wp\/v2\/users\/1"}],"replies":[{"embeddable":true,"href":"https:\/\/www.schroeter-bedachungen.de\/index.php?rest_route=%2Fwp%2Fv2%2Fcomments&post=2"}],"version-history":[{"count":4,"href":"https:\/\/www.schroeter-bedachungen.de\/index.php?rest_route=\/wp\/v2\/pages\/2\/revisions"}],"predecessor-version":[{"id":101,"href":"https:\/\/www.schroeter-bedachungen.de\/index.php?rest_route=\/wp\/v2\/pages\/2\/revisions\/101"}],"wp:attachment":[{"href":"https:\/\/www.schroeter-bedachungen.de\/index.php?rest_route=%2Fwp%2Fv2%2Fmedia&parent=2"}],"curies":[{"name":"wp","href":"https:\/\/api.w.org\/{rel}","templated":true}]}}