{"id":31,"date":"2014-10-27T18:26:35","date_gmt":"2014-10-27T16:26:35","guid":{"rendered":"http:\/\/www.schroeter-bedachungen.de\/?page_id=31"},"modified":"2020-11-13T13:13:11","modified_gmt":"2020-11-13T12:13:11","slug":"impressum","status":"publish","type":"page","link":"https:\/\/www.schroeter-bedachungen.de\/?page_id=31","title":{"rendered":"Impressum"},"content":{"rendered":"<p>Verantwortlich:<br \/>\nSteve Schr\u00f6ter Bedachungen<br \/>\nSteve Schr\u00f6ter<br \/>\nAplerbeckerstr.483<br \/>\n44287 Dortmund<\/p>\n<p>Kontakt<br \/>\nTelefon: 0231 5677180<br \/>\nTelefax: 0231 8623055<br \/>\nE-Mail: info@schroeter-bedachungen.de<\/p>\n<p>Zust\u00e4ndige Kammer: Handwerkskammer Dortmund<\/p>\n<p>Berufsrechtliche Regelungen: Handwerksordnung<\/p>\n<p>Inhaltlich Verantwortlicher gem\u00e4\u00df \u00a7 6 MDStV: Steve Schr\u00f6ter<\/p>\n<p>Umsatzsteuer-Identifikationsnummer gem\u00e4\u00df \u00a7 27 a Umsatzsteuergesetz: 31552252011<\/p>\n","protected":false},"excerpt":{"rendered":"<p>Verantwortlich: Steve Schr\u00f6ter Bedachungen Steve Schr\u00f6ter Aplerbeckerstr.483 44287 Dortmund Kontakt Telefon: 0231 5677180 Telefax: 0231 8623055 E-Mail: info@schroeter-bedachungen.de Zust\u00e4ndige Kammer: Handwerkskammer Dortmund Berufsrechtliche Regelungen: Handwerksordnung Inhaltlich Verantwortlicher gem\u00e4\u00df \u00a7 6 MDStV: Steve Schr\u00f6ter Umsatzsteuer-Identifikationsnummer gem\u00e4\u00df \u00a7 27 a Umsatzsteuergesetz: 31552252011<\/p>\n","protected":false},"author":1,"featured_media":0,"parent":0,"menu_order":6,"comment_status":"closed","ping_status":"open","template":"","meta":[],"_links":{"self":[{"href":"https:\/\/www.schroeter-bedachungen.de\/index.php?rest_route=\/wp\/v2\/pages\/31"}],"collection":[{"href":"https:\/\/www.schroeter-bedachungen.de\/index.php?rest_route=\/wp\/v2\/pages"}],"about":[{"href":"https:\/\/www.schroeter-bedachungen.de\/index.php?rest_route=\/wp\/v2\/types\/page"}],"author":[{"embeddable":true,"href":"https:\/\/www.schroeter-bedachungen.de\/index.php?rest_route=\/wp\/v2\/users\/1"}],"replies":[{"embeddable":true,"href":"https:\/\/www.schroeter-bedachungen.de\/index.php?rest_route=%2Fwp%2Fv2%2Fcomments&post=31"}],"version-history":[{"count":1,"href":"https:\/\/www.schroeter-bedachungen.de\/index.php?rest_route=\/wp\/v2\/pages\/31\/revisions"}],"predecessor-version":[{"id":32,"href":"https:\/\/www.schroeter-bedachungen.de\/index.php?rest_route=\/wp\/v2\/pages\/31\/revisions\/32"}],"wp:attachment":[{"href":"https:\/\/www.schroeter-bedachungen.de\/index.php?rest_route=%2Fwp%2Fv2%2Fmedia&parent=31"}],"curies":[{"name":"wp","href":"https:\/\/api.w.org\/{rel}","templated":true}]}}